{"id":243979,"date":"2024-05-28T08:35:00","date_gmt":"2024-05-28T06:35:00","guid":{"rendered":"https:\/\/smartboat.fr\/mentions-legales\/"},"modified":"2025-08-02T15:30:08","modified_gmt":"2025-08-02T13:30:08","slug":"legal-notice","status":"publish","type":"page","link":"https:\/\/smartboat.fr\/en\/legal-notice\/","title":{"rendered":"Legal Notice"},"content":{"rendered":"<p>[et_pb_section fb_built=&#8221;1&#8243; module_class=&#8221;sectionQuoi2Plus mentionsLegales&#8221; _builder_version=&#8221;4.16&#8243; _module_preset=&#8221;default&#8221; background_enable_image=&#8221;off&#8221; animation_style=&#8221;fade&#8221; animation_duration=&#8221;1500ms&#8221; animation_delay=&#8221;300ms&#8221; da_disable_devices=&#8221;off|off|off&#8221; global_colors_info=&#8221;{}&#8221; da_is_popup=&#8221;off&#8221; da_exit_intent=&#8221;off&#8221; da_has_close=&#8221;on&#8221; da_alt_close=&#8221;off&#8221; da_dark_close=&#8221;off&#8221; da_not_modal=&#8221;on&#8221; da_is_singular=&#8221;off&#8221; da_with_loader=&#8221;off&#8221; da_has_shadow=&#8221;on&#8221;][et_pb_row _builder_version=&#8221;4.16&#8243; custom_margin=&#8221;||0px||false|false&#8221; custom_padding=&#8221;5px||5px||true|false&#8221; global_colors_info=&#8221;{}&#8221;][et_pb_column type=&#8221;4_4&#8243; _builder_version=&#8221;4.16&#8243; global_colors_info=&#8221;{}&#8221;][et_pb_text admin_label=&#8221;TITRE H1&#8243; _builder_version=&#8221;4.27.4&#8243; header_font=&#8221;|||on|||||&#8221; header_text_align=&#8221;left&#8221; header_text_color=&#8221;#000000&#8243; hover_enabled=&#8221;0&#8243; global_colors_info=&#8221;{}&#8221; sticky_enabled=&#8221;0&#8243;]<\/p>\n<h1>LEGAL NOTICE<\/h1>\n<p>[\/et_pb_text][et_pb_text admin_label=&#8221;\u00c9diteurs du site&#8221; _builder_version=&#8221;4.27.4&#8243; _module_preset=&#8221;default&#8221; global_colors_info=&#8221;{}&#8221;]<\/p>\n<h2>\u00c9diteurs du site<\/h2>\n<p><strong>Soci\u00e9t\u00e9 MAC YACHT<\/strong> &#8211; <strong><a href=\"https:\/\/smartboat.fr\">smartboat.fr<\/a><\/strong><br \/>Monsieur Stanislas RICHARDOT &#8211; Pr\u00e9sident<br \/>20, rue Croix des petits champs<br \/>75001 Paris<br \/>FRANCE<br \/>SIRET: 878 830 348<\/p>\n<p>[\/et_pb_text][\/et_pb_column][\/et_pb_row][et_pb_row column_structure=&#8221;1_2,1_2&#8243; use_custom_gutter=&#8221;on&#8221; gutter_width=&#8221;4&#8243; _builder_version=&#8221;4.16&#8243; _module_preset=&#8221;default&#8221; global_colors_info=&#8221;{}&#8221;][et_pb_column type=&#8221;1_2&#8243; _builder_version=&#8221;4.16&#8243; _module_preset=&#8221;default&#8221; global_colors_info=&#8221;{}&#8221;][et_pb_text admin_label=&#8221;Cr\u00e9ation site Internet&#8221; _builder_version=&#8221;4.27.4&#8243; _module_preset=&#8221;default&#8221; global_colors_info=&#8221;{}&#8221;]<\/p>\n<h2>Cr\u00e9ation site Internet<\/h2>\n<p><strong>Graphisme Design &#038; suivi de projet :<\/strong><br \/><a href=\"https:\/\/www.creativestories.fr\/\" target=\"_blank\" rel=\"noopener noreferrer\"><strong>Agence de communication, CREATIVE STORIES<\/strong><\/a><\/p>\n<p><strong>Int\u00e9gration &amp; D\u00e9veloppement :<\/strong><br \/><a href=\"https:\/\/www.canalcreative.com\" target=\"_blank\" rel=\"noopener noreferrer\"><strong>Agence de communication, CANAL CREATIVE<\/strong><\/a><\/p>\n<p>[\/et_pb_text][et_pb_text admin_label=&#8221;Conditions d\u2019utilisation&#8221; _builder_version=&#8221;4.27.2&#8243; _module_preset=&#8221;default&#8221; global_colors_info=&#8221;{}&#8221;]<\/p>\n<h2>Conditions d\u2019utilisation<\/h2>\n<p>Ce site est accessible par les url suivants : <strong><a href=\"https:\/\/smartboat.fr\">smartboat.fr<\/a><\/strong> et il est exploit\u00e9 dans le respect de la l\u00e9gislation fran\u00e7aise. L\u2019utilisation de ce site est r\u00e9gie par les pr\u00e9sentes conditions g\u00e9n\u00e9rales. En utilisant le site, vous reconnaissez avoir pris connaissance de ces conditions et les avoir accept\u00e9es. Celles-ci pourront \u00eatre modifi\u00e9es \u00e0 tout moment et sans pr\u00e9avis par les \u00e9diteurs du site.<br \/>Ces m\u00eames \u00e9diteurs ne sauraient \u00eatre tenus pour responsable en aucune mani\u00e8re d\u2019une mauvaise utilisation du service.<\/p>\n<p>[\/et_pb_text][et_pb_text admin_label=&#8221;Limitation de responsabilit\u00e9&#8221; _builder_version=&#8221;4.25.0&#8243; _module_preset=&#8221;default&#8221; global_colors_info=&#8221;{}&#8221;]<\/p>\n<h2>Limitation de responsabilit\u00e9<\/h2>\n<p>Les informations contenues sur ce site sont aussi pr\u00e9cises que possibles et le site est p\u00e9riodiquement remis \u00e0 jour, mais peut toutefois contenir des inexactitudes, des omissions ou des lacunes. Si, toutefois, vous constatez une erreur, une omission ou encore ce qui s\u2019apparente \u00e0 un dysfonctionnement, merci de bien vouloir le signaler sur notre formulaire de contact en d\u00e9crivant le probl\u00e8me de la mani\u00e8re la plus pr\u00e9cise possible.<br \/>\nLes photos sont bien \u00e9videmment non contractuelles et ne sauraient repr\u00e9senter l\u2019authenticit\u00e9 d\u2019une entreprise ou soci\u00e9t\u00e9. Leur seule utilit\u00e9 \u00e9tant de d\u2019agr\u00e9menter le design retro futuriste de ce site Internet.<\/p>\n<p>[\/et_pb_text][et_pb_text admin_label=&#8221;Litiges&#8221; _builder_version=&#8221;4.25.0&#8243; _module_preset=&#8221;default&#8221; global_colors_info=&#8221;{}&#8221;]<\/p>\n<h2>Litiges<\/h2>\n<p>Les pr\u00e9sentes conditions sont r\u00e9gies par les lois fran\u00e7aises et toute contestation ou litiges qui pourraient na\u00eetre de l\u2019interpr\u00e9tation ou de l\u2019ex\u00e9cution de celles-ci seront de la comp\u00e9tence exclusive des tribunaux dont d\u00e9pend l\u2019un des deux \u00e9diteurs du site mis en cause. La langue de r\u00e9f\u00e9rence, pour le r\u00e8glement de contentieux \u00e9ventuels, est le fran\u00e7ais.<\/p>\n<p>[\/et_pb_text][et_pb_text admin_label=&#8221;Confidentialit\u00e9&#8221; _builder_version=&#8221;4.27.4&#8243; _module_preset=&#8221;default&#8221; global_colors_info=&#8221;{}&#8221;]<\/p>\n<h2>Confidentialit\u00e9<\/h2>\n<p><strong>Donn\u00e9es personnelles<\/strong><br \/><strong>Soci\u00e9t\u00e9 MAC YACHT<\/strong> ne collecte vos donn\u00e9es personnelles qu\u2019afin de r\u00e9pondre \u00e0 vos demandes. A cet effet, vos donn\u00e9es personnelles peuvent \u00eatre partag\u00e9es en interne. Celles-ci ne feront en revanche l\u2019objet d\u2019aucun autre traitement, processus de d\u00e9cision automatis\u00e9, ou transfert ext\u00e9rieur \u00e0 la commune, pour tout autre usage, sans consentement pr\u00e9alable \u00e9crit de votre part. En conformit\u00e9 avec la Loi informatique et libert\u00e9s, vous avez un droit d\u2019acc\u00e8s \u00e0 l\u2019ensemble de vos donn\u00e9es personnelles collect\u00e9es par <strong>Soci\u00e9t\u00e9 MAC YACHT<\/strong>, et disposez d\u2019un droit de rectification de celles-ci en cas d\u2019inexactitude, ou de compl\u00e9ment, dans les meilleurs d\u00e9lais, en \u00e9crivant par email \u00e0 <a href=\"mailto:contact@smartboat.fr\"><strong>contact@smartboat.fr<\/strong><\/a>.<\/p>\n<p><strong>Propri\u00e9t\u00e9 intellectuelle et Copyright\u00a9<\/strong><br \/>La pr\u00e9sentation et le contenu du pr\u00e9sent site constituent une \u0153uvre prot\u00e9g\u00e9e par les lois en vigueur sur la propri\u00e9t\u00e9 intellectuelle, dont <strong>Soci\u00e9t\u00e9 MAC YACHT<\/strong> sont les seuls titulaires.<br \/>Toute reproduction, distribution, modification, adaptation, retransmission ou publication, m\u00eame partielle, de ces diff\u00e9rents \u00e9l\u00e9ments est strictement interdite sans l\u2019accord expr\u00e8s par \u00e9crit de <a href=\"https:\/\/smartboat.fr\"><strong>smartboat.fr<\/strong><\/a>. Cette repr\u00e9sentation ou reproduction, par quelque proc\u00e9d\u00e9 que ce soit, constitue une contrefa\u00e7on sanctionn\u00e9e par les articles L.3335-2 et suivants du Code de la propri\u00e9t\u00e9 intellectuelle. Le non-respect de cette interdiction constitue une contrefa\u00e7on pouvant engager la responsabilit\u00e9 civile et p\u00e9nale du contrefacteur. En outre, les propri\u00e9taires des contenus copi\u00e9s pourraient intenter une action en justice \u00e0 votre encontre.<br \/><a href=\"https:\/\/smartboat.fr\"><strong>smartboat.fr<\/strong><\/a> est identiquement propri\u00e9taire des \u00ab droits des producteurs de bases de donn\u00e9es \u00bb vis\u00e9s au Livre III, Titre IV, du Code de la Propri\u00e9t\u00e9 Intellectuelle (loi n\u00b0 98-536 du 1er juillet 1998) relative aux droits d\u2019auteur et aux bases de donn\u00e9es.<\/p>\n<p>[\/et_pb_text][\/et_pb_column][et_pb_column type=&#8221;1_2&#8243; _builder_version=&#8221;4.16&#8243; _module_preset=&#8221;default&#8221; global_colors_info=&#8221;{}&#8221;][et_pb_text admin_label=&#8221;H\u00e9bergeur&#8221; _builder_version=&#8221;4.27.2&#8243; _module_preset=&#8221;default&#8221; global_colors_info=&#8221;{}&#8221;]<\/p>\n<h2>H\u00e9bergeur<\/h2>\n<p>L\u2019h\u00e9bergement du site <strong><a href=\"https:\/\/smartboat.fr\">smartboat.fr<\/a><\/strong> est assur\u00e9 par la soci\u00e9t\u00e9 : OVH<br \/>SAS au capital de 10 000 000 \u20ac<br \/>RCS Roubaix \u2013 Tourcoing 424 761 419 00045<br \/>Code APE 6202A<br \/>N\u00b0 TVA : FR 22 424 761 419<br \/>2 rue Kellermann 59100 Roubaix \u2013 France<\/p>\n<p>[\/et_pb_text][et_pb_text admin_label=&#8221;Conditions de service&#8221; _builder_version=&#8221;4.25.0&#8243; _module_preset=&#8221;default&#8221; global_colors_info=&#8221;{}&#8221;]<\/p>\n<h2>Conditions de service<\/h2>\n<p>Ce site est produit sous le CMS WordPress, pour un meilleur confort d\u2019utilisation et un graphisme plus agr\u00e9able, nous vous recommandons de recourir \u00e0 des navigateurs modernes et surtout r\u00e9cents tels que Safari, Firefox, Chrome,\u2026 <\/p>\n<p>[\/et_pb_text][et_pb_text admin_label=&#8221;Informations et exclusion&#8221; _builder_version=&#8221;4.27.2&#8243; _module_preset=&#8221;default&#8221; global_colors_info=&#8221;{}&#8221;]<\/p>\n<h2>Informations et exclusion<\/h2>\n<p>Le site Internet <strong><a href=\"https:\/\/smartboat.fr\">smartboat.fr<\/a><\/strong> met en \u0153uvre tous les moyens dont elle dispose, pour assurer une information fiable et une mise \u00e0 jour fiable de son site internet. Toutefois, des erreurs ou omissions peuvent survenir. L\u2019internaute devra donc s\u2019assurer de l\u2019exactitude des informations aupr\u00e8s de de l\u2019un des deux \u00e9diteurs du site, et signaler toutes modifications du site qu\u2019il jugerait utile. Les \u00e9diteurs ne peuvent en aucun cas \u00eatre responsable de l\u2019utilisation faite de ces informations, et de tout pr\u00e9judice direct ou indirect pouvant en d\u00e9couler.<\/p>\n<p>[\/et_pb_text][et_pb_text admin_label=&#8221;Cookies&#8221; _builder_version=&#8221;4.25.0&#8243; _module_preset=&#8221;default&#8221; global_colors_info=&#8221;{}&#8221;]<\/p>\n<h2>Cookies<\/h2>\n<p>Pour des besoins de statistiques et d\u2019affichage, le pr\u00e9sent site utilise des cookies. Il s\u2019agit de petits fichiers textes stock\u00e9s sur votre disque dur afin d\u2019enregistrer des donn\u00e9es techniques sur votre navigation. Certaines parties de ce site ne peuvent \u00eatre fonctionnelle sans l\u2019acceptation de cookies. <\/p>\n<p>[\/et_pb_text][et_pb_text admin_label=&#8221;Liens hypertextes&#8221; _builder_version=&#8221;4.27.2&#8243; _module_preset=&#8221;default&#8221; global_colors_info=&#8221;{}&#8221;]<\/p>\n<h2>Liens hypertextes<\/h2>\n<p>Le site internet <strong><a href=\"https:\/\/smartboat.fr\">smartboat.fr<\/a><\/strong> peut offrir des liens vers d\u2019autres sites internet ou d\u2019autres ressources disponibles sur Internet, notamment les sites Internet pour lesquels l\u2019un des \u00e9diteurs a effectu\u00e9 une prestation de service.<\/p>\n<p>Les utilisateurs et les visiteurs de ce site internet ne peuvent mettre en place un hyperlien en direction de ce m\u00eame site sans l\u2019autorisation expresse et pr\u00e9alable de l\u2019un de ses \u00e9diteurs.<\/p>\n<p>Dans l\u2019hypoth\u00e8se o\u00f9 un utilisateur ou visiteur souhaiterait mettre en place un hyperlien en direction de ce site Internet, il lui appartiendra d\u2019adresser une demande pr\u00e9alable via le formulaire de contact afin de formuler sa demande de mise en place d\u2019un hyperlien. Les \u00e9diteurs se r\u00e9servent le droit d\u2019accepter ou de refuser un hyperlien sans avoir \u00e0 en justifier leurs d\u00e9cisions.<\/p>\n<p>Malgr\u00e9 cela, le site Internet <strong><a href=\"https:\/\/smartboat.fr\">smartboat.fr<\/a><\/strong> ne peut \u00eatre tenu responsable des hyperliens \u00e9manant de sites Internet tiers et pointant vers celui-ci.<\/p>\n<p><strong>Responsabilit\u00e9<\/strong><br \/>Aucune autre garantie n\u2019est accord\u00e9e au client, auquel incombe l\u2019obligation de formuler clairement ses besoins et le devoir de s\u2019informer. Si des informations fournies par <a href=\"https:\/\/smartboat.fr\"><strong>smartboat.fr<\/strong><\/a> apparaissent inexactes, il appartiendra au client de proc\u00e9der lui-m\u00eame \u00e0 toutes v\u00e9rifications de la coh\u00e9rence ou de la vraisemblance des r\u00e9sultats obtenus. Les \u00e9diteurs ne seront en aucune fa\u00e7on responsable vis \u00e0 vis des tiers de l\u2019utilisation par le client des informations ou de leur absence contenues dans ses produits y compris un de ses sites Internet.<\/p>\n<p>[\/et_pb_text][et_pb_text admin_label=&#8221;Contactez-nous&#8221; _builder_version=&#8221;4.27.2&#8243; _module_preset=&#8221;default&#8221; global_colors_info=&#8221;{}&#8221;]<\/p>\n<h2>Contactez-nous<\/h2>\n<p>Les \u00e9diteurs du site <strong><a href=\"https:\/\/smartboat.fr\">smartboat.fr<\/a><\/strong> sont \u00e0 votre disposition pour tous vos commentaires ou suggestions. Vous pouvez nous \u00e9crire en fran\u00e7ais par le biais du formulaire ou directement par courrier \u00e9lectronique \u00e0 l\u2019adresse email suivante <a href=\"mailto:contact@smartboat.fr\"><strong>contact@smartboat.fr<\/strong><\/a><\/p>\n<p>[\/et_pb_text][\/et_pb_column][\/et_pb_row][\/et_pb_section][et_pb_section fb_built=&#8221;1&#8243; admin_label=&#8221;Popup &#8211; #contact&#8221; module_id=&#8221;contact&#8221; module_class=&#8221;popup&#8221; _builder_version=&#8221;4.27.4&#8243; _module_preset=&#8221;default&#8221; max_width=&#8221;600px&#8221; module_alignment=&#8221;center&#8221; custom_margin=&#8221;0px||0px||false|false&#8221; custom_padding=&#8221;0px||0px||false|false&#8221; da_is_popup=&#8221;on&#8221; da_popup_slug=&#8221;contact&#8221; da_disable_devices=&#8221;off|off|off&#8221; saved_tabs=&#8221;all&#8221; global_colors_info=&#8221;{}&#8221; da_exit_intent=&#8221;off&#8221; da_has_close=&#8221;on&#8221; da_alt_close=&#8221;off&#8221; da_dark_close=&#8221;off&#8221; da_not_modal=&#8221;on&#8221; da_is_singular=&#8221;off&#8221; da_with_loader=&#8221;off&#8221; da_has_shadow=&#8221;on&#8221;][et_pb_row _builder_version=&#8221;4.27.4&#8243; _module_preset=&#8221;default&#8221; max_width=&#8221;80%&#8221; module_alignment=&#8221;center&#8221; global_colors_info=&#8221;{}&#8221;][et_pb_column type=&#8221;4_4&#8243; _builder_version=&#8221;4.27.4&#8243; _module_preset=&#8221;default&#8221; global_colors_info=&#8221;{}&#8221;][et_pb_image src=&#8221;https:\/\/smartboat.fr\/wp-content\/uploads\/2025\/07\/Smartboat-logo-noir.png&#8221; title_text=&#8221;Smartboat-logo-noir&#8221; align=&#8221;center&#8221; _builder_version=&#8221;4.27.4&#8243; _module_preset=&#8221;default&#8221; max_width=&#8221;60%&#8221; module_alignment=&#8221;center&#8221; custom_margin=&#8221;||30px||false|false&#8221; global_colors_info=&#8221;{}&#8221;][\/et_pb_image][et_pb_text _builder_version=&#8221;4.27.4&#8243; _module_preset=&#8221;default&#8221; max_width=&#8221;450px&#8221; module_alignment=&#8221;center&#8221; global_colors_info=&#8221;{}&#8221;]<\/p>\n<p style=\"text-align: center;\"><strong><a href=\"mailto:contact@smartboat.fr\" style=\"color: #000000;\">contact@smartboat.fr<\/a><br \/><a href=\"tel:+33666910791\" style=\"color: #000000;\">+33 (0)6 66 91 07 91<\/a><\/strong><\/p>\n<p>[\/et_pb_text][\/et_pb_column][\/et_pb_row][\/et_pb_section]<\/p>\n","protected":false},"excerpt":{"rendered":"<p>LEGAL NOTICE\u00c9diteurs du site Soci\u00e9t\u00e9 MAC YACHT &#8211; smartboat.frMonsieur Stanislas RICHARDOT &#8211; Pr\u00e9sident20, rue Croix des petits champs75001 ParisFRANCESIRET: 878 830 348Cr\u00e9ation site Internet Graphisme Design &#038; suivi de projet :Agence de communication, CREATIVE STORIES Int\u00e9gration &amp; D\u00e9veloppement :Agence de communication, CANAL CREATIVEConditions d\u2019utilisation Ce site est accessible par les url suivants : smartboat.fr et [&hellip;]<\/p>\n","protected":false},"author":1,"featured_media":0,"parent":0,"menu_order":0,"comment_status":"closed","ping_status":"closed","template":"","meta":{"_et_pb_use_builder":"on","_et_pb_old_content":"","_et_gb_content_width":"","inline_featured_image":false,"footnotes":""},"class_list":["post-243979","page","type-page","status-publish","hentry"],"_links":{"self":[{"href":"https:\/\/smartboat.fr\/en\/wp-json\/wp\/v2\/pages\/243979","targetHints":{"allow":["GET"]}}],"collection":[{"href":"https:\/\/smartboat.fr\/en\/wp-json\/wp\/v2\/pages"}],"about":[{"href":"https:\/\/smartboat.fr\/en\/wp-json\/wp\/v2\/types\/page"}],"author":[{"embeddable":true,"href":"https:\/\/smartboat.fr\/en\/wp-json\/wp\/v2\/users\/1"}],"replies":[{"embeddable":true,"href":"https:\/\/smartboat.fr\/en\/wp-json\/wp\/v2\/comments?post=243979"}],"version-history":[{"count":0,"href":"https:\/\/smartboat.fr\/en\/wp-json\/wp\/v2\/pages\/243979\/revisions"}],"wp:attachment":[{"href":"https:\/\/smartboat.fr\/en\/wp-json\/wp\/v2\/media?parent=243979"}],"curies":[{"name":"wp","href":"https:\/\/api.w.org\/{rel}","templated":true}]}}